{"id":3,"date":"2025-09-07T13:30:07","date_gmt":"2025-09-07T13:30:07","guid":{"rendered":"https:\/\/dev.ferienhauseder.at\/?page_id=3"},"modified":"2026-04-12T18:21:35","modified_gmt":"2026-04-12T18:21:35","slug":"privacy-policy","status":"publish","type":"page","link":"https:\/\/dev.ferienhauseder.at\/?page_id=3","title":{"rendered":"Impressum"},"content":{"rendered":"\t\t<div data-elementor-type=\"wp-page\" data-elementor-id=\"3\" class=\"elementor elementor-3\">\n\t\t\t\t<div class=\"elementor-element elementor-element-d012d1 e-flex e-con-boxed e-con e-parent\" data-id=\"d012d1\" data-element_type=\"container\">\n\t\t\t\t\t<div class=\"e-con-inner\">\n\t\t\t\t<div class=\"elementor-element elementor-element-285bdf75 elementor-widget elementor-widget-text-editor\" data-id=\"285bdf75\" data-element_type=\"widget\" data-widget_type=\"text-editor.default\">\n\t\t\t\t\t\t\t\t\t\n<h2 class=\"wp-block-heading\"><strong>Informationspflicht gem\u00e4\u00df \u00a7 5 E-Commerce-Gesetz, \u00a7 14 Unternehmensgesetzbuch, \u00a7 63 Gewerbeordnung und Offenlegungspflicht gem\u00e4\u00df \u00a7 25 Mediengesetz.<\/strong><\/h2>\n\n\n\n<p><strong>Haus Eder Gnbr<\/strong> <strong>Gesellschafter:<\/strong> <br>Andreas Eder<br>Au 64<br>6492 Imsterberg<br>\u00d6sterreich<\/p>\n\n\n\n<p><strong>Unternehmensgegenstand:<\/strong> Vermietung von Privatzimmern \/ Ferienwohnungen<\/p>\n\n\n\n<p><strong>UID-Nummer:<\/strong> ATU73474224<\/p>\n\n\n\n<p><strong>Tel:<\/strong> +43 680 3018042<\/p>\n\n\n\n<p><strong>E-Mail:<\/strong> <a target=\"_blank\" rel=\"noreferrer noopener\" href=\"\">andieder@gmx.at<\/a><\/p>\n\n\n\n<p><strong>Mitglied bei:<\/strong> Wirtschaftskammer Tirol<\/p>\n\n\n\n<p><strong>Berufsrecht:<\/strong> Gewerbeordnung: <a target=\"_blank\" rel=\"noreferrer noopener\" href=\"https:\/\/www.ris.bka.gv.at\">www.ris.bka.gv.at<\/a><\/p>\n\n\n\n<p><strong>Aufsichtsbeh\u00f6rde\/Gewerbebeh\u00f6rde:<\/strong> Bezirkshauptmannschaft Imst<\/p>\n\n\n\n<hr class=\"wp-block-separator has-alpha-channel-opacity\"\/>\n\n\n\n<h3 class=\"wp-block-heading\">EU-Streitschlichtung<\/h3>\n\n\n\n<p>Gem\u00e4\u00df Verordnung \u00fcber Online-Streitbeilegung in Verbraucherangelegenheiten (ODR-Verordnung) m\u00f6chten wir Sie \u00fcber die Online-Streitbeilegungsplattform (OS-Plattform) informieren. Verbraucher haben die M\u00f6glichkeit, Beschwerden an die Online-Streitbeilegungsplattform der Europ\u00e4ischen Kommission unter <a target=\"_blank\" rel=\"noreferrer noopener\" href=\"https:\/\/ec.europa.eu\/consumers\/odr\/\">https:\/\/ec.europa.eu\/consumers\/odr\/<\/a> zu richten. Die daf\u00fcr notwendigen Kontaktdaten finden Sie oberhalb in unserem Impressum.<\/p>\n\n\n\n<p id=\"p-rc_877773f6bd92fdba-19\">Wir m\u00f6chten Sie jedoch darauf hinweisen, dass wir nicht bereit oder verpflichtet sind, an Streitbeilegungsverfahren vor einer Verbraucherschlichtungsstelle teilzunehmen.<sup><\/sup><\/p>\n\n\n\n<h3 class=\"wp-block-heading\">Haftung f\u00fcr Inhalte dieser Webseite<sup><\/sup><\/h3>\n\n\n\n<p id=\"p-rc_877773f6bd92fdba-20\">Wir entwickeln die Inhalte dieser Webseite st\u00e4ndig weiter und bem\u00fchen uns, korrekte und aktuelle<sup><\/sup> Informationen bereitzustellen. Leider k\u00f6nnen wir keine Haftung f\u00fcr die Korrektheit aller Inhalte auf dieser Webseite \u00fcbernehmen, speziell f\u00fcr jene, die seitens Dritter bereitgestellt wurden. Sollten Ihnen problematische oder rechtswidrige Inhalte auffallen,<sup><\/sup> bitten wir Sie, uns umgehend zu kontaktieren.<\/p>\n\n\n\n<h3 class=\"wp-block-heading\">Haftung f\u00fcr Links auf dieser Webseite<sup><\/sup><\/h3>\n\n\n\n<p id=\"p-rc_877773f6bd92fdba-21\">Unsere Webseite enth\u00e4lt Links zu anderen Webseiten, f\u00fcr deren Inhalt wir nicht verantwortlich sind. Haftung f\u00fcr verlinkte Websites besteht f\u00fcr uns nicht, da wir keine Kenntnis rechtswidriger T\u00e4tigkeiten h<sup><\/sup>atten und haben, uns solche Rechtswidrigkeiten auch bisher nicht aufgefallen sind und wir Links sofort entfernen w\u00fcrden, wenn uns Rechtswidrigkeiten bekannt werden.<sup><\/sup><\/p>\n\n\n\n<h3 class=\"wp-block-heading\">Urheberrechtshinweis<sup><\/sup><\/h3>\n\n\n\n<p>Alle Inhalte dieser Webseite (Bilder, Fotos, Texte, Videos) unterliegen dem Urheberrecht. Bitte <sup><\/sup>fragen Sie uns, bevor Sie die Inhalte dieser Webseite verbreiten, vervielf\u00e4ltigen oder verwerten.<\/p>\n\t\t\t\t\t\t\t\t<\/div>\n\t\t\t\t\t<\/div>\n\t\t\t\t<\/div>\n\t\t\t\t<\/div>\n\t\t","protected":false},"excerpt":{"rendered":"<p>Informationspflicht gem\u00e4\u00df \u00a7 5 E-Commerce-Gesetz, \u00a7 14 Unternehmensgesetzbuch, \u00a7 63 Gewerbeordnung und Offenlegungspflicht gem\u00e4\u00df \u00a7 25 Mediengesetz. Haus Eder Gnbr Gesellschafter: Andreas EderAu 646492 Imsterberg\u00d6sterreich Unternehmensgegenstand: Vermietung von Privatzimmern \/ Ferienwohnungen UID-Nummer: ATU73474224 Tel: +43 680 3018042 E-Mail: andieder@gmx.at Mitglied bei: Wirtschaftskammer Tirol Berufsrecht: Gewerbeordnung: www.ris.bka.gv.at Aufsichtsbeh\u00f6rde\/Gewerbebeh\u00f6rde: Bezirkshauptmannschaft Imst EU-Streitschlichtung Gem\u00e4\u00df Verordnung \u00fcber Online-Streitbeilegung in &#8230;<\/p>\n","protected":false},"author":1,"featured_media":0,"parent":0,"menu_order":0,"comment_status":"closed","ping_status":"open","template":"template-wide-content.php","meta":{"cozystay_single_page_hide_site_header":"","cozystay_single_page_site_header_source":"","cozystay_single_page_custom_site_header":"0","cozystay_single_page_custom_sticky_site_header":"0","cozystay_single_page_hide_page_title":"","cozystay_single_page_header_section_size":"","cozystay_single_page_header_background_color":"","cozystay_single_page_header_background_position_x":"center","cozystay_single_page_header_background_position_y":"center","cozystay_single_page_header_background_size":"cover","cozystay_single_page_header_background_repeat":"off","cozystay_single_page_header_background_scroll":"on","cozystay_single_page_header_text_color":"","cozystay_single_page_header_show_breadcrumb":"","cozystay_single_page_site_footer_hide_main":"","cozystay_single_custom_site_footer_main_source":"","cozystay_single_custom_site_footer_main":"0","cozystay_single_page_site_footer_hide_above":"","cozystay_single_custom_site_footer_above_source":"","cozystay_single_custom_site_footer_above":"0","cozystay_single_page_site_footer_hide_instagram":"","cozystay_single_page_site_footer_hide_bottom":"","cozystay_single_custom_mobile_menu_source":"","cozystay_single_custom_mobile_menu":"0","cozystay_single_custom_mobile_menu_animation":"","cozystay_single_custom_mobile_menu_width":"","cozystay_single_custom_mobile_menu_custom_width":375,"footnotes":""},"class_list":["post-3","page","type-page","status-publish","hentry"],"yoast_head":"<!-- This site is optimized with the Yoast SEO plugin v25.8 - https:\/\/yoast.com\/wordpress\/plugins\/seo\/ -->\n<title>Impressum - Ferienhaus Eder Imsterberg<\/title>\n<meta name=\"robots\" content=\"index, follow, max-snippet:-1, max-image-preview:large, max-video-preview:-1\" \/>\n<link rel=\"canonical\" href=\"https:\/\/dev.ferienhauseder.at\/?page_id=3\" \/>\n<meta property=\"og:locale\" content=\"de_DE\" \/>\n<meta property=\"og:type\" content=\"article\" \/>\n<meta property=\"og:title\" content=\"Impressum - Ferienhaus Eder Imsterberg\" \/>\n<meta property=\"og:description\" content=\"Informationspflicht gem\u00e4\u00df \u00a7 5 E-Commerce-Gesetz, \u00a7 14 Unternehmensgesetzbuch, \u00a7 63 Gewerbeordnung und Offenlegungspflicht gem\u00e4\u00df \u00a7 25 Mediengesetz. Haus Eder Gnbr Gesellschafter: Andreas EderAu 646492 Imsterberg\u00d6sterreich Unternehmensgegenstand: Vermietung von Privatzimmern \/ Ferienwohnungen UID-Nummer: ATU73474224 Tel: +43 680 3018042 E-Mail: andieder@gmx.at Mitglied bei: Wirtschaftskammer Tirol Berufsrecht: Gewerbeordnung: www.ris.bka.gv.at Aufsichtsbeh\u00f6rde\/Gewerbebeh\u00f6rde: Bezirkshauptmannschaft Imst EU-Streitschlichtung Gem\u00e4\u00df Verordnung \u00fcber Online-Streitbeilegung in ...\" \/>\n<meta property=\"og:url\" content=\"https:\/\/dev.ferienhauseder.at\/?page_id=3\" \/>\n<meta property=\"og:site_name\" content=\"Ferienhaus Eder Imsterberg\" \/>\n<meta property=\"article:modified_time\" content=\"2026-04-12T18:21:35+00:00\" \/>\n<meta name=\"twitter:card\" content=\"summary_large_image\" \/>\n<meta name=\"twitter:label1\" content=\"Gesch\u00e4tzte Lesezeit\" \/>\n\t<meta name=\"twitter:data1\" content=\"2\u00a0Minuten\" \/>\n<script type=\"application\/ld+json\" class=\"yoast-schema-graph\">{\"@context\":\"https:\/\/schema.org\",\"@graph\":[{\"@type\":\"WebPage\",\"@id\":\"https:\/\/dev.ferienhauseder.at\/?page_id=3\",\"url\":\"https:\/\/dev.ferienhauseder.at\/?page_id=3\",\"name\":\"Impressum - Ferienhaus Eder Imsterberg\",\"isPartOf\":{\"@id\":\"https:\/\/dev.ferienhauseder.at\/#website\"},\"datePublished\":\"2025-09-07T13:30:07+00:00\",\"dateModified\":\"2026-04-12T18:21:35+00:00\",\"breadcrumb\":{\"@id\":\"https:\/\/dev.ferienhauseder.at\/?page_id=3#breadcrumb\"},\"inLanguage\":\"de\",\"potentialAction\":[{\"@type\":\"ReadAction\",\"target\":[\"https:\/\/dev.ferienhauseder.at\/?page_id=3\"]}]},{\"@type\":\"BreadcrumbList\",\"@id\":\"https:\/\/dev.ferienhauseder.at\/?page_id=3#breadcrumb\",\"itemListElement\":[{\"@type\":\"ListItem\",\"position\":1,\"name\":\"Startseite\",\"item\":\"https:\/\/dev.ferienhauseder.at\/\"},{\"@type\":\"ListItem\",\"position\":2,\"name\":\"Impressum\"}]},{\"@type\":\"WebSite\",\"@id\":\"https:\/\/dev.ferienhauseder.at\/#website\",\"url\":\"https:\/\/dev.ferienhauseder.at\/\",\"name\":\"Ferienhaus Eder Imsterberg\",\"description\":\"\",\"publisher\":{\"@id\":\"https:\/\/dev.ferienhauseder.at\/#organization\"},\"potentialAction\":[{\"@type\":\"SearchAction\",\"target\":{\"@type\":\"EntryPoint\",\"urlTemplate\":\"https:\/\/dev.ferienhauseder.at\/?s={search_term_string}\"},\"query-input\":{\"@type\":\"PropertyValueSpecification\",\"valueRequired\":true,\"valueName\":\"search_term_string\"}}],\"inLanguage\":\"de\"},{\"@type\":\"Organization\",\"@id\":\"https:\/\/dev.ferienhauseder.at\/#organization\",\"name\":\"Ferienhaus Eder Imsterberg\",\"url\":\"https:\/\/dev.ferienhauseder.at\/\",\"logo\":{\"@type\":\"ImageObject\",\"inLanguage\":\"de\",\"@id\":\"https:\/\/dev.ferienhauseder.at\/#\/schema\/logo\/image\/\",\"url\":\"https:\/\/dev.ferienhauseder.at\/wp-content\/uploads\/2025\/09\/cropped-eder_logo.png\",\"contentUrl\":\"https:\/\/dev.ferienhauseder.at\/wp-content\/uploads\/2025\/09\/cropped-eder_logo.png\",\"width\":1511,\"height\":582,\"caption\":\"Ferienhaus Eder Imsterberg\"},\"image\":{\"@id\":\"https:\/\/dev.ferienhauseder.at\/#\/schema\/logo\/image\/\"}}]}<\/script>\n<!-- \/ Yoast SEO plugin. -->","yoast_head_json":{"title":"Impressum - Ferienhaus Eder Imsterberg","robots":{"index":"index","follow":"follow","max-snippet":"max-snippet:-1","max-image-preview":"max-image-preview:large","max-video-preview":"max-video-preview:-1"},"canonical":"https:\/\/dev.ferienhauseder.at\/?page_id=3","og_locale":"de_DE","og_type":"article","og_title":"Impressum - Ferienhaus Eder Imsterberg","og_description":"Informationspflicht gem\u00e4\u00df \u00a7 5 E-Commerce-Gesetz, \u00a7 14 Unternehmensgesetzbuch, \u00a7 63 Gewerbeordnung und Offenlegungspflicht gem\u00e4\u00df \u00a7 25 Mediengesetz. Haus Eder Gnbr Gesellschafter: Andreas EderAu 646492 Imsterberg\u00d6sterreich Unternehmensgegenstand: Vermietung von Privatzimmern \/ Ferienwohnungen UID-Nummer: ATU73474224 Tel: +43 680 3018042 E-Mail: andieder@gmx.at Mitglied bei: Wirtschaftskammer Tirol Berufsrecht: Gewerbeordnung: www.ris.bka.gv.at Aufsichtsbeh\u00f6rde\/Gewerbebeh\u00f6rde: Bezirkshauptmannschaft Imst EU-Streitschlichtung Gem\u00e4\u00df Verordnung \u00fcber Online-Streitbeilegung in ...","og_url":"https:\/\/dev.ferienhauseder.at\/?page_id=3","og_site_name":"Ferienhaus Eder Imsterberg","article_modified_time":"2026-04-12T18:21:35+00:00","twitter_card":"summary_large_image","twitter_misc":{"Gesch\u00e4tzte Lesezeit":"2\u00a0Minuten"},"schema":{"@context":"https:\/\/schema.org","@graph":[{"@type":"WebPage","@id":"https:\/\/dev.ferienhauseder.at\/?page_id=3","url":"https:\/\/dev.ferienhauseder.at\/?page_id=3","name":"Impressum - Ferienhaus Eder Imsterberg","isPartOf":{"@id":"https:\/\/dev.ferienhauseder.at\/#website"},"datePublished":"2025-09-07T13:30:07+00:00","dateModified":"2026-04-12T18:21:35+00:00","breadcrumb":{"@id":"https:\/\/dev.ferienhauseder.at\/?page_id=3#breadcrumb"},"inLanguage":"de","potentialAction":[{"@type":"ReadAction","target":["https:\/\/dev.ferienhauseder.at\/?page_id=3"]}]},{"@type":"BreadcrumbList","@id":"https:\/\/dev.ferienhauseder.at\/?page_id=3#breadcrumb","itemListElement":[{"@type":"ListItem","position":1,"name":"Startseite","item":"https:\/\/dev.ferienhauseder.at\/"},{"@type":"ListItem","position":2,"name":"Impressum"}]},{"@type":"WebSite","@id":"https:\/\/dev.ferienhauseder.at\/#website","url":"https:\/\/dev.ferienhauseder.at\/","name":"Ferienhaus Eder Imsterberg","description":"","publisher":{"@id":"https:\/\/dev.ferienhauseder.at\/#organization"},"potentialAction":[{"@type":"SearchAction","target":{"@type":"EntryPoint","urlTemplate":"https:\/\/dev.ferienhauseder.at\/?s={search_term_string}"},"query-input":{"@type":"PropertyValueSpecification","valueRequired":true,"valueName":"search_term_string"}}],"inLanguage":"de"},{"@type":"Organization","@id":"https:\/\/dev.ferienhauseder.at\/#organization","name":"Ferienhaus Eder Imsterberg","url":"https:\/\/dev.ferienhauseder.at\/","logo":{"@type":"ImageObject","inLanguage":"de","@id":"https:\/\/dev.ferienhauseder.at\/#\/schema\/logo\/image\/","url":"https:\/\/dev.ferienhauseder.at\/wp-content\/uploads\/2025\/09\/cropped-eder_logo.png","contentUrl":"https:\/\/dev.ferienhauseder.at\/wp-content\/uploads\/2025\/09\/cropped-eder_logo.png","width":1511,"height":582,"caption":"Ferienhaus Eder Imsterberg"},"image":{"@id":"https:\/\/dev.ferienhauseder.at\/#\/schema\/logo\/image\/"}}]}},"_links":{"self":[{"href":"https:\/\/dev.ferienhauseder.at\/index.php?rest_route=\/wp\/v2\/pages\/3","targetHints":{"allow":["GET"]}}],"collection":[{"href":"https:\/\/dev.ferienhauseder.at\/index.php?rest_route=\/wp\/v2\/pages"}],"about":[{"href":"https:\/\/dev.ferienhauseder.at\/index.php?rest_route=\/wp\/v2\/types\/page"}],"author":[{"embeddable":true,"href":"https:\/\/dev.ferienhauseder.at\/index.php?rest_route=\/wp\/v2\/users\/1"}],"replies":[{"embeddable":true,"href":"https:\/\/dev.ferienhauseder.at\/index.php?rest_route=%2Fwp%2Fv2%2Fcomments&post=3"}],"version-history":[{"count":4,"href":"https:\/\/dev.ferienhauseder.at\/index.php?rest_route=\/wp\/v2\/pages\/3\/revisions"}],"predecessor-version":[{"id":3024,"href":"https:\/\/dev.ferienhauseder.at\/index.php?rest_route=\/wp\/v2\/pages\/3\/revisions\/3024"}],"wp:attachment":[{"href":"https:\/\/dev.ferienhauseder.at\/index.php?rest_route=%2Fwp%2Fv2%2Fmedia&parent=3"}],"curies":[{"name":"wp","href":"https:\/\/api.w.org\/{rel}","templated":true}]}}