{"id":2310,"date":"2026-04-12T18:24:35","date_gmt":"2026-04-12T18:24:35","guid":{"rendered":"https:\/\/cozystay.loftocean.com\/mountain-hotel\/?page_id=2310"},"modified":"2026-04-12T18:25:08","modified_gmt":"2026-04-12T18:25:08","slug":"refund_returns","status":"publish","type":"page","link":"https:\/\/dev.ferienhauseder.at\/?page_id=2310","title":{"rendered":"Datenschutzerkl\u00e4rung"},"content":{"rendered":"\t\t<div data-elementor-type=\"wp-page\" data-elementor-id=\"2310\" class=\"elementor elementor-2310\">\n\t\t\t\t<div class=\"elementor-element elementor-element-5c88d465 e-flex e-con-boxed e-con e-parent\" data-id=\"5c88d465\" data-element_type=\"container\">\n\t\t\t\t\t<div class=\"e-con-inner\">\n\t\t\t\t<div class=\"elementor-element elementor-element-2fb224a2 elementor-widget elementor-widget-text-editor\" data-id=\"2fb224a2\" data-element_type=\"widget\" data-widget_type=\"text-editor.default\">\n\t\t\t\t\t\t\t\t\t\n<h1 data-path-to-node=\"2\">Datenschutzerkl\u00e4rung<\/h1>\n<p data-path-to-node=\"3\">Der Schutz Ihrer pers\u00f6nlichen Daten ist uns ein besonderes Anliegen. Wir verarbeiten Ihre Daten daher ausschlie\u00dflich auf Grundlage der gesetzlichen Bestimmungen (<b data-path-to-node=\"3\" data-index-in-node=\"162\">DSGVO, TKG 2021<\/b>). In diese<span class=\"citation-684 citation-end-684\">n Datenschutzinformationen informieren wir Sie \u00fcber die wichtigsten Aspekte der Datenverarbeitung im Rahmen unserer Webseite.<\/span><\/p>\n<div class=\"source-inline-chip-container ng-star-inserted\">\u00a0<\/div>\n<h3 data-path-to-node=\"4\"><span class=\"citation-683 citation-end-683\">1. Verantwortlicher<\/span><\/h3>\n<p data-path-to-node=\"5\"><span class=\"citation-682 citation-end-682\">Verantwortlich f\u00fcr die Datenverarbeitung auf dieser Webseite ist:<\/span><\/p>\n<div class=\"source-inline-chip-container ng-star-inserted\">\u00a0<\/div>\n<p data-path-to-node=\"6\"><b data-path-to-node=\"6\" data-index-in-node=\"0\"><span class=\"citation-681\">Haus Eder Gnbr<\/span><\/b><span class=\"citation-681 citation-end-681\"> An<\/span>dreas Eder<\/p>\n<div class=\"source-inline-chip-container ng-star-inserted\">\u00a0<\/div>\n<p data-path-to-node=\"7\">Au 64<\/p>\n<p data-path-to-node=\"8\">6492 Imsterberg<\/p>\n<p data-path-to-node=\"9\">\u00d6sterreich<\/p>\n<p data-path-to-node=\"10\">E-Mail: <a class=\"ng-star-inserted\" target=\"_blank\" rel=\"noopener\" data-hveid=\"0\" data-ved=\"0CAAQ_4QMahgKEwiZx5LP9eiTAxUAAAAAHQAAAAAQlgE\">andieder@gmx.at<\/a><\/p>\n<hr data-path-to-node=\"11\" \/>\n<h3 data-path-to-node=\"12\">2. Web-Hosting &amp; WordPress<\/h3>\n<p data-path-to-node=\"13\">Unsere Webseite basiert auf dem Content-Management-System <b data-path-to-node=\"13\" data-index-in-node=\"58\">WordPress<\/b>. Zum Betrieb der Seite nutzen wir einen Hosting-Anbieter. Dabei werden automatisch Informationen in sogenannten Server-Log-Files erhoben, die Ihr Browser an uns \u00fcbermittelt (IP-Adresse, Browsertyp, Referrer-URL, Zeitstempel). Diese Daten sind technisch notwendig, um die Stabilit\u00e4t und Sicherheit der Webseite zu gew\u00e4hrleisten (<b data-path-to-node=\"13\" data-index-in-node=\"396\">Art. 6 Abs. 1 lit. f DSGVO<\/b>).<\/p>\n<hr data-path-to-node=\"14\" \/>\n<h3 data-path-to-node=\"15\">3. Online-Buchung (Multikalender.de)<\/h3>\n<p data-path-to-node=\"16\">Um Ihnen eine bequeme Online-Buchung zu erm\u00f6glichen, binden wir auf unserer Webseite das Buchungstool der <b data-path-to-node=\"16\" data-index-in-node=\"106\">Belegungskalender &amp; Buchungssystem \u2013 Thomas Gessner (Multikalender.de)<\/b>, Friedrich-Ebert-Str. 13, 01968 Senftenberg, Deutschland, ein.<\/p>\n<p data-path-to-node=\"17\">Wenn Sie eine Buchungsanfrage stellen oder eine Buchung vornehmen, werden Ihre Daten (Name, E-Mail, Telefon, Zeitraum, ggf. Adresse) direkt an Multikalender \u00fcbertragen und dort verarbeitet.<\/p>\n<ul data-path-to-node=\"18\">\n<li>\n<p data-path-to-node=\"18,0,0\"><b data-path-to-node=\"18,0,0\" data-index-in-node=\"0\">Zweck:<\/b> Abwicklung Ihrer Buchung und Verwaltung der Belegung.<\/p>\n<\/li>\n<li>\n<p data-path-to-node=\"18,1,0\"><b data-path-to-node=\"18,1,0\" data-index-in-node=\"0\">Rechtsgrundlage:<\/b> Die Verarbeitung erfolgt zur Erf\u00fcllung eines Vertrages bzw. zur Durchf\u00fchrung vorvertraglicher Ma\u00dfnahmen (<b data-path-to-node=\"18,1,0\" data-index-in-node=\"122\">Art. 6 Abs. 1 lit. b DSGVO<\/b>).<\/p>\n<\/li>\n<li>\n<p data-path-to-node=\"18,2,0\"><b data-path-to-node=\"18,2,0\" data-index-in-node=\"0\">Datenschutz bei Multikalender:<\/b> Weitere Informationen zur Datenverarbeitung durch den Anbieter finden Sie in dessen Datenschutzerkl\u00e4rung auf <a class=\"ng-star-inserted\" href=\"https:\/\/www.multikalender.de\" target=\"_blank\" rel=\"noopener\" data-hveid=\"0\" data-ved=\"0CAAQ_4QMahgKEwiZx5LP9eiTAxUAAAAAHQAAAAAQlwE\">www.multikalender.de<\/a>.<\/p>\n<\/li>\n<\/ul>\n<hr data-path-to-node=\"19\" \/>\n<h3 data-path-to-node=\"20\">4. Kontakt mit uns<\/h3>\n<p data-path-to-node=\"21\">Wenn Sie uns per E-Mail oder \u00fcber ein Kontaktformular Anfragen zukommen lassen, werden Ihre Angaben zwecks Bearbeitung der Anfrage und f\u00fcr den Fall von Anschlussfragen bei uns gespeichert. Diese Daten geben wir nicht ohne Ihre Einwilligung weiter.<\/p>\n<hr data-path-to-node=\"22\" \/>\n<h3 data-path-to-node=\"23\">5. Google Maps<\/h3>\n<p data-path-to-node=\"24\">Wir binden auf unserer Webseite die Landkarten des Dienstes <b data-path-to-node=\"24\" data-index-in-node=\"60\">Google Maps<\/b> ein (Anbieter: Google Ireland Limited, Gordon House, Barrow Street, Dublin 4, Irland). Damit die Karten angezeigt werden k\u00f6nnen, muss technisch gesehen Ihre IP-Adresse an Google \u00fcbertragen werden.<\/p>\n<p data-path-to-node=\"25\">Die Nutzung erfolgt auf Grundlage Ihrer Einwilligung gem\u00e4\u00df <b data-path-to-node=\"25\" data-index-in-node=\"59\">Art. 6 Abs. 1 lit. a DSGVO<\/b>, die Sie \u00fcber unseren Cookie-Banner erteilen. Durch die Nutzung von Google Maps k\u00f6nnen Daten in die USA \u00fcbertragen werden. Google ist unter dem EU-US Data Privacy Framework zertifiziert, was ein angemessenes Datenschutzniveau garantiert.<\/p>\n<hr data-path-to-node=\"26\" \/>\n<h3 data-path-to-node=\"27\">6. Cookies<\/h3>\n<p data-path-to-node=\"28\">Unsere Website verwendet Cookies.<\/p>\n<ul data-path-to-node=\"29\">\n<li>\n<p data-path-to-node=\"29,0,0\"><b data-path-to-node=\"29,0,0\" data-index-in-node=\"0\">Notwendige Cookies:<\/b> Erlauben grundlegende Funktionen wie die korrekte Anzeige der WordPress-Seite.<\/p>\n<\/li>\n<li>\n<p data-path-to-node=\"29,1,0\"><b data-path-to-node=\"29,1,0\" data-index-in-node=\"0\">Funktionale Cookies:<\/b> Erm\u00f6glichen das Laden des Buchungstools von Multikalender oder der Google Maps Karte. Sie k\u00f6nnen die Installation von Cookies durch eine entsprechende Einstellung Ihrer Browser-Software verhindern; wir weisen Sie jedoch darauf hin, dass Sie in diesem Fall gegebenenfalls nicht s\u00e4mtliche Funktionen dieser Website vollumf\u00e4nglich nutzen k\u00f6nnen.<\/p>\n<\/li>\n<\/ul>\n<hr data-path-to-node=\"30\" \/>\n<h3 data-path-to-node=\"31\">7. Ihre Rechte<\/h3>\n<p data-path-to-node=\"32\">Ihnen stehen grunds\u00e4tzlich die Rechte auf <b data-path-to-node=\"32\" data-index-in-node=\"42\">Auskunft, Berichtigung, L\u00f6schung, Einschr\u00e4nkung, Daten\u00fcbertragbarkeit, Widerruf und Widerspruch<\/b> zu.<\/p>\n<p data-path-to-node=\"33\">W<span class=\"citation-680 citation-end-680\">enn Sie glauben, dass die Verarbeitung Ihrer Daten gegen das Datenschutzrecht verst\u00f6\u00dft oder Ihre datenschutzrechtlichen Anspr\u00fcche verletzt worden sind, k\u00f6nnen Sie sich bei uns oder der zust\u00e4ndigen Beh\u00f6rde beschweren:<\/span><\/p>\n<div class=\"source-inline-chip-container ng-star-inserted\">\u00a0<\/div>\n<p data-path-to-node=\"34\"><b data-path-to-node=\"34\" data-index-in-node=\"0\"><span class=\"citation-679\">\u00d6sterreichische Datenschutzbeh\u00f6rde<\/span><\/b><span class=\"citation-679 citation-end-679\"> Bari<\/span>chgasse 40-42, 1030 Wien<\/p>\n<div class=\"source-inline-chip-container ng-star-inserted\">\u00a0<\/div>\n<p data-path-to-node=\"35\">Web: <a class=\"ng-star-inserted\" href=\"https:\/\/www.dsb.gv.at\" target=\"_blank\" rel=\"noopener\" data-hveid=\"0\" data-ved=\"0CAAQ_4QMahgKEwiZx5LP9eiTAxUAAAAAHQAAAAAQmAE\">www.dsb.gv.at<\/a><\/p>\n\t\t\t\t\t\t\t\t<\/div>\n\t\t\t\t\t<\/div>\n\t\t\t\t<\/div>\n\t\t\t\t<\/div>\n\t\t","protected":false},"excerpt":{"rendered":"<p>Datenschutzerkl\u00e4rung Der Schutz Ihrer pers\u00f6nlichen Daten ist uns ein besonderes Anliegen. Wir verarbeiten Ihre Daten daher ausschlie\u00dflich auf Grundlage der gesetzlichen Bestimmungen (DSGVO, TKG 2021). In diesen Datenschutzinformationen informieren wir Sie \u00fcber die wichtigsten Aspekte der Datenverarbeitung im Rahmen unserer Webseite. \u00a0 1. Verantwortlicher Verantwortlich f\u00fcr die Datenverarbeitung auf dieser Webseite ist: \u00a0 Haus Eder &#8230;<\/p>\n","protected":false},"author":1,"featured_media":0,"parent":0,"menu_order":0,"comment_status":"closed","ping_status":"closed","template":"template-wide-content.php","meta":{"cozystay_single_page_hide_site_header":"","cozystay_single_page_site_header_source":"","cozystay_single_page_custom_site_header":"0","cozystay_single_page_custom_sticky_site_header":"0","cozystay_single_page_hide_page_title":"","cozystay_single_page_header_section_size":"","cozystay_single_page_header_background_color":"","cozystay_single_page_header_background_position_x":"center","cozystay_single_page_header_background_position_y":"center","cozystay_single_page_header_background_size":"cover","cozystay_single_page_header_background_repeat":"off","cozystay_single_page_header_background_scroll":"on","cozystay_single_page_header_text_color":"","cozystay_single_page_header_show_breadcrumb":"","cozystay_single_page_site_footer_hide_main":"","cozystay_single_custom_site_footer_main_source":"","cozystay_single_custom_site_footer_main":"0","cozystay_single_page_site_footer_hide_above":"","cozystay_single_custom_site_footer_above_source":"","cozystay_single_custom_site_footer_above":"0","cozystay_single_page_site_footer_hide_instagram":"","cozystay_single_page_site_footer_hide_bottom":"","cozystay_single_custom_mobile_menu_source":"","cozystay_single_custom_mobile_menu":"0","cozystay_single_custom_mobile_menu_animation":"","cozystay_single_custom_mobile_menu_width":"","cozystay_single_custom_mobile_menu_custom_width":375,"footnotes":""},"class_list":["post-2310","page","type-page","status-publish","hentry"],"yoast_head":"<!-- This site is optimized with the Yoast SEO plugin v25.8 - https:\/\/yoast.com\/wordpress\/plugins\/seo\/ -->\n<title>Datenschutzerkl\u00e4rung - Ferienhaus Eder Imsterberg<\/title>\n<meta name=\"robots\" content=\"index, follow, max-snippet:-1, max-image-preview:large, max-video-preview:-1\" \/>\n<link rel=\"canonical\" href=\"https:\/\/dev.ferienhauseder.at\/?page_id=2310\" \/>\n<meta property=\"og:locale\" content=\"de_DE\" \/>\n<meta property=\"og:type\" content=\"article\" \/>\n<meta property=\"og:title\" content=\"Datenschutzerkl\u00e4rung - Ferienhaus Eder Imsterberg\" \/>\n<meta property=\"og:description\" content=\"Datenschutzerkl\u00e4rung Der Schutz Ihrer pers\u00f6nlichen Daten ist uns ein besonderes Anliegen. Wir verarbeiten Ihre Daten daher ausschlie\u00dflich auf Grundlage der gesetzlichen Bestimmungen (DSGVO, TKG 2021). In diesen Datenschutzinformationen informieren wir Sie \u00fcber die wichtigsten Aspekte der Datenverarbeitung im Rahmen unserer Webseite. \u00a0 1. Verantwortlicher Verantwortlich f\u00fcr die Datenverarbeitung auf dieser Webseite ist: \u00a0 Haus Eder ...\" \/>\n<meta property=\"og:url\" content=\"https:\/\/dev.ferienhauseder.at\/?page_id=2310\" \/>\n<meta property=\"og:site_name\" content=\"Ferienhaus Eder Imsterberg\" \/>\n<meta property=\"article:modified_time\" content=\"2026-04-12T18:25:08+00:00\" \/>\n<meta name=\"twitter:card\" content=\"summary_large_image\" \/>\n<meta name=\"twitter:label1\" content=\"Gesch\u00e4tzte Lesezeit\" \/>\n\t<meta name=\"twitter:data1\" content=\"3\u00a0Minuten\" \/>\n<script type=\"application\/ld+json\" class=\"yoast-schema-graph\">{\"@context\":\"https:\/\/schema.org\",\"@graph\":[{\"@type\":\"WebPage\",\"@id\":\"https:\/\/dev.ferienhauseder.at\/?page_id=2310\",\"url\":\"https:\/\/dev.ferienhauseder.at\/?page_id=2310\",\"name\":\"Datenschutzerkl\u00e4rung - Ferienhaus Eder Imsterberg\",\"isPartOf\":{\"@id\":\"https:\/\/dev.ferienhauseder.at\/#website\"},\"datePublished\":\"2026-04-12T18:24:35+00:00\",\"dateModified\":\"2026-04-12T18:25:08+00:00\",\"breadcrumb\":{\"@id\":\"https:\/\/dev.ferienhauseder.at\/?page_id=2310#breadcrumb\"},\"inLanguage\":\"de\",\"potentialAction\":[{\"@type\":\"ReadAction\",\"target\":[\"https:\/\/dev.ferienhauseder.at\/?page_id=2310\"]}]},{\"@type\":\"BreadcrumbList\",\"@id\":\"https:\/\/dev.ferienhauseder.at\/?page_id=2310#breadcrumb\",\"itemListElement\":[{\"@type\":\"ListItem\",\"position\":1,\"name\":\"Startseite\",\"item\":\"https:\/\/dev.ferienhauseder.at\/\"},{\"@type\":\"ListItem\",\"position\":2,\"name\":\"Datenschutzerkl\u00e4rung\"}]},{\"@type\":\"WebSite\",\"@id\":\"https:\/\/dev.ferienhauseder.at\/#website\",\"url\":\"https:\/\/dev.ferienhauseder.at\/\",\"name\":\"Ferienhaus Eder Imsterberg\",\"description\":\"\",\"publisher\":{\"@id\":\"https:\/\/dev.ferienhauseder.at\/#organization\"},\"potentialAction\":[{\"@type\":\"SearchAction\",\"target\":{\"@type\":\"EntryPoint\",\"urlTemplate\":\"https:\/\/dev.ferienhauseder.at\/?s={search_term_string}\"},\"query-input\":{\"@type\":\"PropertyValueSpecification\",\"valueRequired\":true,\"valueName\":\"search_term_string\"}}],\"inLanguage\":\"de\"},{\"@type\":\"Organization\",\"@id\":\"https:\/\/dev.ferienhauseder.at\/#organization\",\"name\":\"Ferienhaus Eder Imsterberg\",\"url\":\"https:\/\/dev.ferienhauseder.at\/\",\"logo\":{\"@type\":\"ImageObject\",\"inLanguage\":\"de\",\"@id\":\"https:\/\/dev.ferienhauseder.at\/#\/schema\/logo\/image\/\",\"url\":\"https:\/\/dev.ferienhauseder.at\/wp-content\/uploads\/2025\/09\/cropped-eder_logo.png\",\"contentUrl\":\"https:\/\/dev.ferienhauseder.at\/wp-content\/uploads\/2025\/09\/cropped-eder_logo.png\",\"width\":1511,\"height\":582,\"caption\":\"Ferienhaus Eder Imsterberg\"},\"image\":{\"@id\":\"https:\/\/dev.ferienhauseder.at\/#\/schema\/logo\/image\/\"}}]}<\/script>\n<!-- \/ Yoast SEO plugin. -->","yoast_head_json":{"title":"Datenschutzerkl\u00e4rung - Ferienhaus Eder Imsterberg","robots":{"index":"index","follow":"follow","max-snippet":"max-snippet:-1","max-image-preview":"max-image-preview:large","max-video-preview":"max-video-preview:-1"},"canonical":"https:\/\/dev.ferienhauseder.at\/?page_id=2310","og_locale":"de_DE","og_type":"article","og_title":"Datenschutzerkl\u00e4rung - Ferienhaus Eder Imsterberg","og_description":"Datenschutzerkl\u00e4rung Der Schutz Ihrer pers\u00f6nlichen Daten ist uns ein besonderes Anliegen. Wir verarbeiten Ihre Daten daher ausschlie\u00dflich auf Grundlage der gesetzlichen Bestimmungen (DSGVO, TKG 2021). In diesen Datenschutzinformationen informieren wir Sie \u00fcber die wichtigsten Aspekte der Datenverarbeitung im Rahmen unserer Webseite. \u00a0 1. Verantwortlicher Verantwortlich f\u00fcr die Datenverarbeitung auf dieser Webseite ist: \u00a0 Haus Eder ...","og_url":"https:\/\/dev.ferienhauseder.at\/?page_id=2310","og_site_name":"Ferienhaus Eder Imsterberg","article_modified_time":"2026-04-12T18:25:08+00:00","twitter_card":"summary_large_image","twitter_misc":{"Gesch\u00e4tzte Lesezeit":"3\u00a0Minuten"},"schema":{"@context":"https:\/\/schema.org","@graph":[{"@type":"WebPage","@id":"https:\/\/dev.ferienhauseder.at\/?page_id=2310","url":"https:\/\/dev.ferienhauseder.at\/?page_id=2310","name":"Datenschutzerkl\u00e4rung - Ferienhaus Eder Imsterberg","isPartOf":{"@id":"https:\/\/dev.ferienhauseder.at\/#website"},"datePublished":"2026-04-12T18:24:35+00:00","dateModified":"2026-04-12T18:25:08+00:00","breadcrumb":{"@id":"https:\/\/dev.ferienhauseder.at\/?page_id=2310#breadcrumb"},"inLanguage":"de","potentialAction":[{"@type":"ReadAction","target":["https:\/\/dev.ferienhauseder.at\/?page_id=2310"]}]},{"@type":"BreadcrumbList","@id":"https:\/\/dev.ferienhauseder.at\/?page_id=2310#breadcrumb","itemListElement":[{"@type":"ListItem","position":1,"name":"Startseite","item":"https:\/\/dev.ferienhauseder.at\/"},{"@type":"ListItem","position":2,"name":"Datenschutzerkl\u00e4rung"}]},{"@type":"WebSite","@id":"https:\/\/dev.ferienhauseder.at\/#website","url":"https:\/\/dev.ferienhauseder.at\/","name":"Ferienhaus Eder Imsterberg","description":"","publisher":{"@id":"https:\/\/dev.ferienhauseder.at\/#organization"},"potentialAction":[{"@type":"SearchAction","target":{"@type":"EntryPoint","urlTemplate":"https:\/\/dev.ferienhauseder.at\/?s={search_term_string}"},"query-input":{"@type":"PropertyValueSpecification","valueRequired":true,"valueName":"search_term_string"}}],"inLanguage":"de"},{"@type":"Organization","@id":"https:\/\/dev.ferienhauseder.at\/#organization","name":"Ferienhaus Eder Imsterberg","url":"https:\/\/dev.ferienhauseder.at\/","logo":{"@type":"ImageObject","inLanguage":"de","@id":"https:\/\/dev.ferienhauseder.at\/#\/schema\/logo\/image\/","url":"https:\/\/dev.ferienhauseder.at\/wp-content\/uploads\/2025\/09\/cropped-eder_logo.png","contentUrl":"https:\/\/dev.ferienhauseder.at\/wp-content\/uploads\/2025\/09\/cropped-eder_logo.png","width":1511,"height":582,"caption":"Ferienhaus Eder Imsterberg"},"image":{"@id":"https:\/\/dev.ferienhauseder.at\/#\/schema\/logo\/image\/"}}]}},"_links":{"self":[{"href":"https:\/\/dev.ferienhauseder.at\/index.php?rest_route=\/wp\/v2\/pages\/2310","targetHints":{"allow":["GET"]}}],"collection":[{"href":"https:\/\/dev.ferienhauseder.at\/index.php?rest_route=\/wp\/v2\/pages"}],"about":[{"href":"https:\/\/dev.ferienhauseder.at\/index.php?rest_route=\/wp\/v2\/types\/page"}],"author":[{"embeddable":true,"href":"https:\/\/dev.ferienhauseder.at\/index.php?rest_route=\/wp\/v2\/users\/1"}],"replies":[{"embeddable":true,"href":"https:\/\/dev.ferienhauseder.at\/index.php?rest_route=%2Fwp%2Fv2%2Fcomments&post=2310"}],"version-history":[{"count":4,"href":"https:\/\/dev.ferienhauseder.at\/index.php?rest_route=\/wp\/v2\/pages\/2310\/revisions"}],"predecessor-version":[{"id":3028,"href":"https:\/\/dev.ferienhauseder.at\/index.php?rest_route=\/wp\/v2\/pages\/2310\/revisions\/3028"}],"wp:attachment":[{"href":"https:\/\/dev.ferienhauseder.at\/index.php?rest_route=%2Fwp%2Fv2%2Fmedia&parent=2310"}],"curies":[{"name":"wp","href":"https:\/\/api.w.org\/{rel}","templated":true}]}}